{"id":8386,"date":"2023-12-08T17:44:00","date_gmt":"2023-12-08T20:44:00","guid":{"rendered":"https:\/\/en.clubedevagas.com\/?page_id=8386"},"modified":"2023-12-08T17:44:01","modified_gmt":"2023-12-08T20:44:01","slug":"about","status":"publish","type":"page","link":"https:\/\/en.clubedevagas.com\/es\/about\/","title":{"rendered":"Acerca de"},"content":{"rendered":"<h2 class=\"wp-block-heading\" id=\"h-what-do-you-want-to-learn-today\">\u00bfQu\u00e9 quieres aprender hoy?<\/h2>\n\n\n\n<p>Genial Discovery fue creado para mantenerte informado sobre diversas curiosidades de tu vida diaria, desde personalidades, lugares, cosas simples del d\u00eda a d\u00eda, hasta viajes, finanzas, productividad y mucho m\u00e1s.<\/p>\n\n\n\n<h2 class=\"wp-block-heading\" id=\"h-who-we-are\">Quienes somos<\/h2>\n\n\n\n<p>Genial Discovery es una empresa de contenidos y educaci\u00f3n con sede en Estonia. Nuestra misi\u00f3n es ofrecer constantemente contenidos valiosos y ayudarte en el proceso de aprendizaje. Esperamos que disfrutes de nuestro contenido, ya que fue creado con mucho amor y cuidado.<\/p>\n\n\n\n<h2 class=\"wp-block-heading\" id=\"h-help-us-improve\">Ay\u00fadanos a mejorar<\/h2>\n\n\n\n<p>Tus ideas son muy importantes.\u00a0<a href=\"https:\/\/en.clubedevagas.com\/es\/contact\/\">Env\u00edanos un mensaje.<\/a><\/p>","protected":false},"excerpt":{"rendered":"<p>What do you want to learn today? Genial Discovery was created to keep you informed about various curiosities of your daily life, from personalities, place, simple everyday things, even travel, finances, productivity and much more. Who we are Genial Discovery is a content and education company based in Estonia. Our mission is to consistently deliver [&hellip;]<\/p>","protected":false},"author":12,"featured_media":0,"parent":0,"menu_order":0,"comment_status":"closed","ping_status":"closed","template":"","meta":{"_acf_changed":false,"footnotes":""},"class_list":["post-8386","page","type-page","status-publish","hentry"],"acf":[],"yoast_head":"<!-- This site is optimized with the Yoast SEO plugin v25.6 - https:\/\/yoast.com\/wordpress\/plugins\/seo\/ -->\n<title>About - Club of Jobs<\/title>\n<meta name=\"robots\" content=\"index, follow, max-snippet:-1, max-image-preview:large, max-video-preview:-1\" \/>\n<link rel=\"canonical\" href=\"https:\/\/en.clubedevagas.com\/es\/about\/\" \/>\n<meta property=\"og:locale\" content=\"es_MX\" \/>\n<meta property=\"og:type\" content=\"article\" \/>\n<meta property=\"og:title\" content=\"About - Club of Jobs\" \/>\n<meta property=\"og:description\" content=\"What do you want to learn today? Genial Discovery was created to keep you informed about various curiosities of your daily life, from personalities, place, simple everyday things, even travel, finances, productivity and much more. Who we are Genial Discovery is a content and education company based in Estonia. Our mission is to consistently deliver [&hellip;]\" \/>\n<meta property=\"og:url\" content=\"https:\/\/en.clubedevagas.com\/es\/about\/\" \/>\n<meta property=\"og:site_name\" content=\"Club of Jobs\" \/>\n<meta property=\"article:modified_time\" content=\"2023-12-08T20:44:01+00:00\" \/>\n<meta name=\"twitter:card\" content=\"summary_large_image\" \/>\n<meta name=\"twitter:label1\" content=\"Tiempo de lectura\" \/>\n\t<meta name=\"twitter:data1\" content=\"1 minuto\" \/>\n<script type=\"application\/ld+json\" class=\"yoast-schema-graph\">{\"@context\":\"https:\/\/schema.org\",\"@graph\":[{\"@type\":\"WebPage\",\"@id\":\"https:\/\/en.clubedevagas.com\/about\/\",\"url\":\"https:\/\/en.clubedevagas.com\/about\/\",\"name\":\"About - Club of Jobs\",\"isPartOf\":{\"@id\":\"https:\/\/en.clubedevagas.com\/#website\"},\"datePublished\":\"2023-12-08T20:44:00+00:00\",\"dateModified\":\"2023-12-08T20:44:01+00:00\",\"breadcrumb\":{\"@id\":\"https:\/\/en.clubedevagas.com\/about\/#breadcrumb\"},\"inLanguage\":\"es\",\"potentialAction\":[{\"@type\":\"ReadAction\",\"target\":[\"https:\/\/en.clubedevagas.com\/about\/\"]}]},{\"@type\":\"BreadcrumbList\",\"@id\":\"https:\/\/en.clubedevagas.com\/about\/#breadcrumb\",\"itemListElement\":[{\"@type\":\"ListItem\",\"position\":1,\"name\":\"In\u00edcio\",\"item\":\"https:\/\/en.clubedevagas.com\/\"},{\"@type\":\"ListItem\",\"position\":2,\"name\":\"About\"}]},{\"@type\":\"WebSite\",\"@id\":\"https:\/\/en.clubedevagas.com\/#website\",\"url\":\"https:\/\/en.clubedevagas.com\/\",\"name\":\"Club of Jobs\",\"description\":\"New opportunities for everyone\",\"publisher\":{\"@id\":\"https:\/\/en.clubedevagas.com\/#organization\"},\"potentialAction\":[{\"@type\":\"SearchAction\",\"target\":{\"@type\":\"EntryPoint\",\"urlTemplate\":\"https:\/\/en.clubedevagas.com\/?s={search_term_string}\"},\"query-input\":{\"@type\":\"PropertyValueSpecification\",\"valueRequired\":true,\"valueName\":\"search_term_string\"}}],\"inLanguage\":\"es\"},{\"@type\":\"Organization\",\"@id\":\"https:\/\/en.clubedevagas.com\/#organization\",\"name\":\"Club of Jobs\",\"url\":\"https:\/\/en.clubedevagas.com\/\",\"logo\":{\"@type\":\"ImageObject\",\"inLanguage\":\"es\",\"@id\":\"https:\/\/en.clubedevagas.com\/#\/schema\/logo\/image\/\",\"url\":\"https:\/\/en.clubedevagas.com\/wp-content\/uploads\/2024\/10\/Design-sem-nome-14.png\",\"contentUrl\":\"https:\/\/en.clubedevagas.com\/wp-content\/uploads\/2024\/10\/Design-sem-nome-14.png\",\"width\":215,\"height\":60,\"caption\":\"Club of Jobs\"},\"image\":{\"@id\":\"https:\/\/en.clubedevagas.com\/#\/schema\/logo\/image\/\"}}]}<\/script>\n<!-- \/ Yoast SEO plugin. -->","yoast_head_json":{"title":"About - Club of Jobs","robots":{"index":"index","follow":"follow","max-snippet":"max-snippet:-1","max-image-preview":"max-image-preview:large","max-video-preview":"max-video-preview:-1"},"canonical":"https:\/\/en.clubedevagas.com\/es\/about\/","og_locale":"es_MX","og_type":"article","og_title":"About - Club of Jobs","og_description":"What do you want to learn today? Genial Discovery was created to keep you informed about various curiosities of your daily life, from personalities, place, simple everyday things, even travel, finances, productivity and much more. Who we are Genial Discovery is a content and education company based in Estonia. Our mission is to consistently deliver [&hellip;]","og_url":"https:\/\/en.clubedevagas.com\/es\/about\/","og_site_name":"Club of Jobs","article_modified_time":"2023-12-08T20:44:01+00:00","twitter_card":"summary_large_image","twitter_misc":{"Tiempo de lectura":"1 minuto"},"schema":{"@context":"https:\/\/schema.org","@graph":[{"@type":"WebPage","@id":"https:\/\/en.clubedevagas.com\/about\/","url":"https:\/\/en.clubedevagas.com\/about\/","name":"About - Club of Jobs","isPartOf":{"@id":"https:\/\/en.clubedevagas.com\/#website"},"datePublished":"2023-12-08T20:44:00+00:00","dateModified":"2023-12-08T20:44:01+00:00","breadcrumb":{"@id":"https:\/\/en.clubedevagas.com\/about\/#breadcrumb"},"inLanguage":"es","potentialAction":[{"@type":"ReadAction","target":["https:\/\/en.clubedevagas.com\/about\/"]}]},{"@type":"BreadcrumbList","@id":"https:\/\/en.clubedevagas.com\/about\/#breadcrumb","itemListElement":[{"@type":"ListItem","position":1,"name":"In\u00edcio","item":"https:\/\/en.clubedevagas.com\/"},{"@type":"ListItem","position":2,"name":"About"}]},{"@type":"WebSite","@id":"https:\/\/en.clubedevagas.com\/#website","url":"https:\/\/en.clubedevagas.com\/","name":"Club of Jobs","description":"New opportunities for everyone","publisher":{"@id":"https:\/\/en.clubedevagas.com\/#organization"},"potentialAction":[{"@type":"SearchAction","target":{"@type":"EntryPoint","urlTemplate":"https:\/\/en.clubedevagas.com\/?s={search_term_string}"},"query-input":{"@type":"PropertyValueSpecification","valueRequired":true,"valueName":"search_term_string"}}],"inLanguage":"es"},{"@type":"Organization","@id":"https:\/\/en.clubedevagas.com\/#organization","name":"Club of Jobs","url":"https:\/\/en.clubedevagas.com\/","logo":{"@type":"ImageObject","inLanguage":"es","@id":"https:\/\/en.clubedevagas.com\/#\/schema\/logo\/image\/","url":"https:\/\/en.clubedevagas.com\/wp-content\/uploads\/2024\/10\/Design-sem-nome-14.png","contentUrl":"https:\/\/en.clubedevagas.com\/wp-content\/uploads\/2024\/10\/Design-sem-nome-14.png","width":215,"height":60,"caption":"Club of Jobs"},"image":{"@id":"https:\/\/en.clubedevagas.com\/#\/schema\/logo\/image\/"}}]}},"_links":{"self":[{"href":"https:\/\/en.clubedevagas.com\/es\/wp-json\/wp\/v2\/pages\/8386"}],"collection":[{"href":"https:\/\/en.clubedevagas.com\/es\/wp-json\/wp\/v2\/pages"}],"about":[{"href":"https:\/\/en.clubedevagas.com\/es\/wp-json\/wp\/v2\/types\/page"}],"author":[{"embeddable":true,"href":"https:\/\/en.clubedevagas.com\/es\/wp-json\/wp\/v2\/users\/12"}],"replies":[{"embeddable":true,"href":"https:\/\/en.clubedevagas.com\/es\/wp-json\/wp\/v2\/comments?post=8386"}],"version-history":[{"count":0,"href":"https:\/\/en.clubedevagas.com\/es\/wp-json\/wp\/v2\/pages\/8386\/revisions"}],"wp:attachment":[{"href":"https:\/\/en.clubedevagas.com\/es\/wp-json\/wp\/v2\/media?parent=8386"}],"curies":[{"name":"wp","href":"https:\/\/api.w.org\/{rel}","templated":true}]}}